{"id":1922,"date":"2025-12-04T20:45:10","date_gmt":"2025-12-04T19:45:10","guid":{"rendered":"https:\/\/jurcoavocats.com\/?page_id=1922"},"modified":"2025-12-04T20:49:44","modified_gmt":"2025-12-04T19:49:44","slug":"connexion-client","status":"publish","type":"page","link":"https:\/\/jurcoavocats.com\/en\/connexion-client\/","title":{"rendered":"Connexion Client"},"content":{"rendered":"\t\t<div data-elementor-type=\"wp-page\" data-elementor-id=\"1922\" class=\"elementor elementor-1922\" data-elementor-post-type=\"page\">\n\t\t\t\t<div class=\"elementor-element elementor-element-14d33a49 e-flex e-con-boxed e-con e-parent\" data-id=\"14d33a49\" data-element_type=\"container\" data-e-type=\"container\" data-settings=\"{&quot;jet_parallax_layout_list&quot;:[]}\">\n\t\t\t\t\t<div class=\"e-con-inner\">\n\t\t\t\t<div class=\"elementor-element elementor-element-5c01fd1 elementor-widget elementor-widget-text-editor\" data-id=\"5c01fd1\" data-element_type=\"widget\" data-e-type=\"widget\" data-widget_type=\"text-editor.default\">\n\t\t\t\t<div class=\"elementor-widget-container\">\n\t\t\t\t\t\t\t\t\t\n<div class=\"jurco-login-page\">\n<div class=\"login-header\">\n<h1>Espace Client S\u00e9curis\u00e9<\/h1>\n<p>Acc\u00e9dez \u00e0 vos documents confidentiels en toute s\u00e9curit\u00e9<\/p>\n<\/div>\n<div class=\"tml tml-login\">\n<div class=\"tml-alerts\"><\/div><form name=\"login\" action=\"https:\/\/jurcoavocats.com\/en\/login\/\" method=\"post\" data-ajax=\"1\">\n<div class=\"tml-field-wrap tml-log-wrap\">\n<label class=\"tml-label\" for=\"user_login\">Username or Email Address<\/label>\n<input name=\"log\" type=\"text\" value=\"\" id=\"user_login\" autocapitalize=\"off\" class=\"tml-field\">\n<\/div>\n\n<div class=\"tml-field-wrap tml-pwd-wrap\">\n<label class=\"tml-label\" for=\"user_pass\">Password<\/label>\n<input name=\"pwd\" type=\"password\" value=\"\" id=\"user_pass\" class=\"tml-field\">\n<\/div>\n\n\n<div class=\"tml-field-wrap tml-rememberme-wrap\">\n<input name=\"rememberme\" type=\"checkbox\" value=\"forever\" id=\"rememberme\" class=\"tml-checkbox\">\n<label class=\"tml-label\" for=\"rememberme\">Remember Me<\/label>\n<\/div>\n\n<div class=\"tml-field-wrap tml-submit-wrap\">\n<button name=\"submit\" type=\"submit\" class=\"tml-button\">Log In<\/button>\n<\/div>\n\n<input name=\"redirect_to\" type=\"hidden\" value=\"https:\/\/jurcoavocats.com\/wp-admin\/\">\n\n<\/form>\n<ul class=\"tml-links\"><li class=\"tml-lostpassword-link\"><a href=\"https:\/\/jurcoavocats.com\/en\/#\/\">Lost your password?<\/a><\/li><\/ul><\/div>\n\n<div class=\"login-info\">\n<h3>\ud83d\udd12 Connexion S\u00e9curis\u00e9e<\/h3>\n<ul>\n<li>Vos identifiants vous ont \u00e9t\u00e9 communiqu\u00e9s par email<\/li>\n<li>La connexion est prot\u00e9g\u00e9e par protocole HTTPS<\/li>\n<li>En cas de probl\u00e8me, contactez-nous au 04 93 13 30 00<\/li>\n<\/ul>\n<\/div>\n<\/div>\n\n<p>\u00a0<\/p>\n\t\t\t\t\t\t\t\t<\/div>\n\t\t\t\t<\/div>\n\t\t\t\t\t<\/div>\n\t\t\t\t<\/div>\n\t\t\t\t<\/div>\n\t\t","protected":false},"excerpt":{"rendered":"<p>Espace Client S\u00e9curis\u00e9 Acc\u00e9dez \u00e0 vos documents confidentiels en toute s\u00e9curit\u00e9 \ud83d\udd12 Connexion S\u00e9curis\u00e9e Vos identifiants vous ont \u00e9t\u00e9 communiqu\u00e9s par email La connexion est prot\u00e9g\u00e9e par protocole HTTPS En cas de probl\u00e8me, contactez-nous au 04 93 13 30 00 \u00a0<\/p>\n","protected":false},"author":1,"featured_media":0,"parent":0,"menu_order":0,"comment_status":"closed","ping_status":"closed","template":"","meta":{"footnotes":""},"class_list":["post-1922","page","type-page","status-publish","hentry"],"_links":{"self":[{"href":"https:\/\/jurcoavocats.com\/en\/wp-json\/wp\/v2\/pages\/1922","targetHints":{"allow":["GET"]}}],"collection":[{"href":"https:\/\/jurcoavocats.com\/en\/wp-json\/wp\/v2\/pages"}],"about":[{"href":"https:\/\/jurcoavocats.com\/en\/wp-json\/wp\/v2\/types\/page"}],"author":[{"embeddable":true,"href":"https:\/\/jurcoavocats.com\/en\/wp-json\/wp\/v2\/users\/1"}],"replies":[{"embeddable":true,"href":"https:\/\/jurcoavocats.com\/en\/wp-json\/wp\/v2\/comments?post=1922"}],"version-history":[{"count":13,"href":"https:\/\/jurcoavocats.com\/en\/wp-json\/wp\/v2\/pages\/1922\/revisions"}],"predecessor-version":[{"id":1935,"href":"https:\/\/jurcoavocats.com\/en\/wp-json\/wp\/v2\/pages\/1922\/revisions\/1935"}],"wp:attachment":[{"href":"https:\/\/jurcoavocats.com\/en\/wp-json\/wp\/v2\/media?parent=1922"}],"curies":[{"name":"wp","href":"https:\/\/api.w.org\/{rel}","templated":true}]}}